{"id":227,"date":"2022-02-06T15:00:18","date_gmt":"2022-02-06T14:00:18","guid":{"rendered":"http:\/\/www.blumensalzmann-haan.de\/?page_id=227"},"modified":"2026-03-30T18:09:56","modified_gmt":"2026-03-30T16:09:56","slug":"news","status":"publish","type":"page","link":"http:\/\/www.blumensalzmann-haan.de\/index.php\/news\/","title":{"rendered":"News"},"content":{"rendered":"\n<p class=\"has-vivid-cyan-blue-color has-text-color\"><strong><span style=\"text-decoration: underline;\"><u><i>Neues vo<\/i><\/u>m 29.03.2026<\/span><\/strong><\/p>\n\n\n\n<p>Liebe Kunden,<\/p>\n\n\n\n<p><strong>Die Osterfeiertage stehen vor der T\u00fcre!<\/strong><\/p>\n\n\n\n<p>Daher haben wir am Karfreitag von 10h &#8211; 12h<\/p>\n\n\n\n<p>am Samstag von 9h &#8211; 14h und<\/p>\n\n\n\n<p>Ostersonntag von 10h &#8211; 12h f\u00fcr sie ge\u00f6ffnet.<\/p>\n\n\n\n<p>Ostermontag haben wir geschlossen.<\/p>\n\n\n\n<p>\u00dcbrigens: clevere Kunden bestellen rechtzeitig vor.<\/p>\n\n\n\n<p>Wir w\u00fcnschen Ihnen allen sch\u00f6ne und entspannte Ostertage.<\/p>\n\n\n\n<p>Ihre<\/p>\n\n\n\n<p>Ulrike Bettermann und Team<\/p>\n","protected":false},"excerpt":{"rendered":"<p>Neues vom 29.03.2026 Liebe Kunden, Die Osterfeiertage stehen vor der T\u00fcre! Daher haben wir am Karfreitag von 10h &#8211; 12h am Samstag von 9h &#8211; 14h und Ostersonntag von 10h &#8211; 12h f\u00fcr sie ge\u00f6ffnet. Ostermontag haben wir geschlossen. \u00dcbrigens: clevere Kunden bestellen rechtzeitig vor. Wir w\u00fcnschen Ihnen allen sch\u00f6ne [&hellip;]<\/p>\n","protected":false},"author":2,"featured_media":0,"parent":0,"menu_order":0,"comment_status":"closed","ping_status":"closed","template":"","meta":{"footnotes":""},"class_list":["post-227","page","type-page","status-publish","hentry"],"_links":{"self":[{"href":"http:\/\/www.blumensalzmann-haan.de\/index.php\/wp-json\/wp\/v2\/pages\/227","targetHints":{"allow":["GET"]}}],"collection":[{"href":"http:\/\/www.blumensalzmann-haan.de\/index.php\/wp-json\/wp\/v2\/pages"}],"about":[{"href":"http:\/\/www.blumensalzmann-haan.de\/index.php\/wp-json\/wp\/v2\/types\/page"}],"author":[{"embeddable":true,"href":"http:\/\/www.blumensalzmann-haan.de\/index.php\/wp-json\/wp\/v2\/users\/2"}],"replies":[{"embeddable":true,"href":"http:\/\/www.blumensalzmann-haan.de\/index.php\/wp-json\/wp\/v2\/comments?post=227"}],"version-history":[{"count":90,"href":"http:\/\/www.blumensalzmann-haan.de\/index.php\/wp-json\/wp\/v2\/pages\/227\/revisions"}],"predecessor-version":[{"id":945,"href":"http:\/\/www.blumensalzmann-haan.de\/index.php\/wp-json\/wp\/v2\/pages\/227\/revisions\/945"}],"wp:attachment":[{"href":"http:\/\/www.blumensalzmann-haan.de\/index.php\/wp-json\/wp\/v2\/media?parent=227"}],"curies":[{"name":"wp","href":"https:\/\/api.w.org\/{rel}","templated":true}]}}