{"id":158,"date":"2021-06-06T17:14:42","date_gmt":"2021-06-06T15:14:42","guid":{"rendered":"http:\/\/www.blumensalzmann-haan.de\/?page_id=158"},"modified":"2024-12-20T12:14:48","modified_gmt":"2024-12-20T11:14:48","slug":"bestellungen","status":"publish","type":"page","link":"http:\/\/www.blumensalzmann-haan.de\/index.php\/bestellungen\/","title":{"rendered":"Bestellungen"},"content":{"rendered":"<p>Bestellungen gerne telefonisch unter 02129-2367 oder via E-Mail unter blumen-salzmann-haan@gmx.de. Ihre E-Mail wird zeitnah beantwortet. Bitte haben Sie Verst\u00e4ndnis daf\u00fcr, dass nur von uns best\u00e4tigte Bestellungen\/Auftr\u00e4ge ausgef\u00fchrt werden. Idealerweise geben Sie uns f\u00fcr Blumenstr\u00e4u\u00dfe einen Tag Vorlauf. Trauergebinde, Hochzeiten, Familien- und Firmenfeiern etc. bitte angemessen fr\u00fcher.<\/p>\n<p><span>An besonderen Tagen schauen Sie auch <\/span><strong><em><u>unbedingt<\/u><\/em><\/strong><span> in den News nach!<\/span><\/p>\n<p>Vielen Dank<\/p>\n","protected":false},"excerpt":{"rendered":"<p>Bestellungen gerne telefonisch unter 02129-2367 oder via E-Mail unter blumen-salzmann-haan@gmx.de. Ihre E-Mail wird zeitnah beantwortet. Bitte haben Sie Verst\u00e4ndnis daf\u00fcr, dass nur von uns best\u00e4tigte Bestellungen\/Auftr\u00e4ge ausgef\u00fchrt werden. Idealerweise geben Sie uns f\u00fcr Blumenstr\u00e4u\u00dfe einen Tag Vorlauf. Trauergebinde, Hochzeiten, Familien- und Firmenfeiern etc. bitte angemessen fr\u00fcher. An besonderen Tagen schauen [&hellip;]<\/p>\n","protected":false},"author":2,"featured_media":0,"parent":0,"menu_order":0,"comment_status":"closed","ping_status":"closed","template":"","meta":{"footnotes":""},"class_list":["post-158","page","type-page","status-publish","hentry"],"_links":{"self":[{"href":"http:\/\/www.blumensalzmann-haan.de\/index.php\/wp-json\/wp\/v2\/pages\/158","targetHints":{"allow":["GET"]}}],"collection":[{"href":"http:\/\/www.blumensalzmann-haan.de\/index.php\/wp-json\/wp\/v2\/pages"}],"about":[{"href":"http:\/\/www.blumensalzmann-haan.de\/index.php\/wp-json\/wp\/v2\/types\/page"}],"author":[{"embeddable":true,"href":"http:\/\/www.blumensalzmann-haan.de\/index.php\/wp-json\/wp\/v2\/users\/2"}],"replies":[{"embeddable":true,"href":"http:\/\/www.blumensalzmann-haan.de\/index.php\/wp-json\/wp\/v2\/comments?post=158"}],"version-history":[{"count":20,"href":"http:\/\/www.blumensalzmann-haan.de\/index.php\/wp-json\/wp\/v2\/pages\/158\/revisions"}],"predecessor-version":[{"id":874,"href":"http:\/\/www.blumensalzmann-haan.de\/index.php\/wp-json\/wp\/v2\/pages\/158\/revisions\/874"}],"wp:attachment":[{"href":"http:\/\/www.blumensalzmann-haan.de\/index.php\/wp-json\/wp\/v2\/media?parent=158"}],"curies":[{"name":"wp","href":"https:\/\/api.w.org\/{rel}","templated":true}]}}